{"id":51450,"date":"2018-07-17T09:26:56","date_gmt":"2018-07-17T07:26:56","guid":{"rendered":"http:\/\/www.tmbfashiongroup.com\/?page_id=51450"},"modified":"2023-05-25T16:56:28","modified_gmt":"2023-05-25T14:56:28","slug":"about-2-3","status":"publish","type":"page","link":"https:\/\/tmbfashiongroup.nr6.eu\/it\/","title":{"rendered":"Index-no news"},"content":{"rendered":"<p>[vc_row row_type=&#8221;row&#8221; use_row_as_full_screen_section=&#8221;no&#8221; type=&#8221;full_width&#8221; oblique_section=&#8221;no&#8221; text_align=&#8221;left&#8221; css_animation=&#8221;&#8221;][vc_column][vc_raw_html]JTIwJTNDdmlkZW8lMjB3aWR0aCUzRCUyMjEwMCUyNSUyMiUyMGNvbnRyb2xzJTIwYXV0b3BsYXklMjBtdXRlZCUzRCUyMiUyMiUzRSUwQSUyMCUyMCUzQ3NvdXJjZSUyMHNyYyUzRCUyMmh0dHAlM0ElMkYlMkZ0bWJmYXNoaW9uZ3JvdXAubnI2LmV1JTJGd3AtY29udGVudCUyRnVwbG9hZHMlMkYyMDIzJTJGMDQlMkZaZXJvX0dyYXZpdHlfU1MyM19Db2xsZWN0aW9uLm1wNCUyMiUyMHR5cGUlM0QlMjJ2aWRlbyUyRm1wNCUyMiUzRSUwQSUyMFlvdXIlMjBicm93c2VyJTIwZG9lcyUyMG5vdCUyMHN1cHBvcnQlMjB0aGUlMjB2aWRlbyUyMHRhZy4lMEElM0MlMkZ2aWRlbyUzRSUyMCUwQSUzQyUyMS0tJTBBJTNDaW1nJTIwc3JjJTNEJTIyaHR0cCUzQSUyRiUyRnRtYmZhc2hpb25ncm91cC5jb20lMkZ3cC1jb250ZW50JTJGdXBsb2FkcyUyRjIwMjAlMkYwNCUyRmhvbWV0bWIyLTIucG5nJTIyJTIwc3R5bGUlM0QlMjJ3aWR0aCUzQSUyMDgwJTI1JTNCJTIwaGVpZ2h0JTNBJTIwYXV0byUzQm1hcmdpbiUzQSUyMGF1dG8lM0JkaXNwbGF5JTNBJTIwYmxvY2slM0IlMjIlMjBib3JkZXIlM0QlMjIwJTIyJTNFLS0lM0U=[\/vc_raw_html][\/vc_column][\/vc_row][vc_row row_type=&#8221;row&#8221; use_row_as_full_screen_section=&#8221;no&#8221; type=&#8221;full_width&#8221; oblique_section=&#8221;no&#8221; text_align=&#8221;left&#8221; css_animation=&#8221;&#8221;][vc_column][vc_separator type=&#8221;normal&#8221; up=&#8221;40&#8243; down=&#8221;30&#8243; icon_pack=&#8221;font_awesome&#8221; fe_icon=&#8221;arrow_back&#8221; icon_type=&#8221;normal&#8221;][vc_row_inner row_type=&#8221;row&#8221; type=&#8221;full_width&#8221; use_row_as_full_screen_section_slide=&#8221;no&#8221; text_align=&#8221;left&#8221; css_animation=&#8221;&#8221;][vc_column_inner width=&#8221;1\/2&#8243; offset=&#8221;vc_hidden-xs&#8221;]<div class='image_hover ' style='' data-transition-delay=''><div class='images_holder'><a href='https:\/\/tmbfashiongroup.nr6.eu\/it\/zero-gravity-2023' target='_self'><img class='active_image ' src='https:\/\/tmbfashiongroup.nr6.eu\/wp-content\/uploads\/2023\/04\/home-zero-01.jpg' alt='' style='' \/><img class='hover_image' src='https:\/\/tmbfashiongroup.nr6.eu\/wp-content\/uploads\/2023\/04\/home-zero-02.jpg' alt='' style='' \/><\/a><\/div><\/div>[vc_empty_space height=&#8221;20px&#8221; image_repeat=&#8221;no-repeat&#8221;][vc_column_text]<\/p>\n<h3><em>Zero Gravity: The lightest suit in the world<\/em><\/h3>\n<p>[\/vc_column_text][vc_empty_space height=&#8221;20px&#8221; image_repeat=&#8221;no-repeat&#8221;][vc_column_text]<\/p>\n<p>Il DNA Tmb: Eleganza, Leggerezza e Sartorialit\u00e0. E\u2019 il valore assoluto che deriva dall\u2019antica tradizione artigianale, interamente Made in Italy, che da tre generazioni unisce la pi\u00f9 avanzata ricerca tecnologica sui tessuti alle migliori maestranze presenti in questo territorio. Il Risultato \u00e8 un capo unico, sorprendente per comfort e vestibilit\u00e0.<\/p>\n<p>[\/vc_column_text][\/vc_column_inner][vc_column_inner width=&#8221;1\/2&#8243; offset=&#8221;vc_hidden-xs&#8221;]<div class='image_hover ' style='' data-transition-delay=''><div class='images_holder'><a href='https:\/\/tmbfashiongroup.nr6.eu\/it\/collezione-tmb-running-ss23' target='_self'><img class='active_image ' src='https:\/\/tmbfashiongroup.nr6.eu\/wp-content\/uploads\/2023\/04\/home-tmb-01-1.jpg' alt='' style='' \/><img class='hover_image' src='https:\/\/tmbfashiongroup.nr6.eu\/wp-content\/uploads\/2023\/04\/home-tmb-02-1.jpg' alt='' style='' \/><\/a><\/div><\/div>[vc_empty_space height=&#8221;20px&#8221; image_repeat=&#8221;no-repeat&#8221;][vc_column_text]<\/p>\n<h3><em>TMB Running:<br \/>\nElegance in action<\/em><\/h3>\n<p>[\/vc_column_text][vc_empty_space height=&#8221;20px&#8221; image_repeat=&#8221;no-repeat&#8221;][vc_column_text]La collezione TMB Running segue tessuti instancabili assecondando i principi di leggerezza e comfort creando un connubio indissolubile tra mondo dello sport ed eleganza che conferma il trend molto attuale.[\/vc_column_text][\/vc_column_inner][\/vc_row_inner][vc_row_inner row_type=&#8221;row&#8221; type=&#8221;full_width&#8221; use_row_as_full_screen_section_slide=&#8221;no&#8221; text_align=&#8221;left&#8221; css_animation=&#8221;&#8221;][vc_column_inner width=&#8221;1\/2&#8243; offset=&#8221;vc_hidden-lg vc_hidden-md vc_hidden-sm&#8221; css=&#8221;.vc_custom_1685026253207{padding-right: 50px !important;padding-left: 50px !important;}&#8221;]<div class='image_hover ' style='' data-transition-delay=''><div class='images_holder'><a href='https:\/\/tmbfashiongroup.nr6.eu\/it\/zero-gravity-2023' target='_self'><img class='active_image ' src='https:\/\/tmbfashiongroup.nr6.eu\/wp-content\/uploads\/2023\/04\/home-zero-01.jpg' alt='' style='' \/><img class='hover_image' src='https:\/\/tmbfashiongroup.nr6.eu\/wp-content\/uploads\/2023\/04\/home-zero-02.jpg' alt='' style='' \/><\/a><\/div><\/div>[vc_empty_space height=&#8221;20px&#8221; image_repeat=&#8221;no-repeat&#8221;][vc_column_text]<\/p>\n<h3><em>Zero Gravity: The lightest suit in the world<\/em><\/h3>\n<p>[\/vc_column_text][vc_empty_space height=&#8221;20px&#8221; image_repeat=&#8221;no-repeat&#8221;][vc_column_text]<\/p>\n<p>Il DNA Tmb: Eleganza, Leggerezza e Sartorialit\u00e0. E\u2019 il valore assoluto che deriva dall\u2019antica tradizione artigianale, interamente Made in Italy, che da tre generazioni unisce la pi\u00f9 avanzata ricerca tecnologica sui tessuti alle migliori maestranze presenti in questo territorio. Il Risultato \u00e8 un capo unico, sorprendente per comfort e vestibilit\u00e0.<\/p>\n<p>[\/vc_column_text][vc_empty_space height=&#8221;50px&#8221; image_repeat=&#8221;no-repeat&#8221;][\/vc_column_inner][vc_column_inner width=&#8221;1\/2&#8243; offset=&#8221;vc_hidden-lg vc_hidden-md vc_hidden-sm&#8221; css=&#8221;.vc_custom_1685026268020{padding-right: 50px !important;padding-left: 50px !important;}&#8221;]<div class='image_hover ' style='' data-transition-delay=''><div class='images_holder'><a href='https:\/\/tmbfashiongroup.nr6.eu\/it\/collezione-tmb-running-ss23' target='_self'><img class='active_image ' src='https:\/\/tmbfashiongroup.nr6.eu\/wp-content\/uploads\/2023\/04\/home-tmb-01-1.jpg' alt='' style='' \/><img class='hover_image' src='https:\/\/tmbfashiongroup.nr6.eu\/wp-content\/uploads\/2023\/04\/home-tmb-02-1.jpg' alt='' style='' \/><\/a><\/div><\/div>[vc_empty_space height=&#8221;20px&#8221; image_repeat=&#8221;no-repeat&#8221;][vc_column_text]<\/p>\n<h3><em>TMB Running:<br \/>\nElegance in action<\/em><\/h3>\n<p>[\/vc_column_text][vc_empty_space height=&#8221;20px&#8221; image_repeat=&#8221;no-repeat&#8221;][vc_column_text]La collezione TMB Running segue tessuti instancabili assecondando i principi di leggerezza e comfort creando un connubio indissolubile tra mondo dello sport ed eleganza che conferma il trend molto attuale.[\/vc_column_text][\/vc_column_inner][\/vc_row_inner][vc_separator type=&#8221;normal&#8221; up=&#8221;40&#8243; down=&#8221;30&#8243; icon_pack=&#8221;font_awesome&#8221; fe_icon=&#8221;arrow_back&#8221; icon_type=&#8221;normal&#8221;][\/vc_column][\/vc_row][vc_row row_type=&#8221;row&#8221; use_row_as_full_screen_section=&#8221;no&#8221; type=&#8221;full_width&#8221; oblique_section=&#8221;no&#8221; text_align=&#8221;left&#8221; css_animation=&#8221;&#8221;][vc_column width=&#8221;5\/12&#8243;][vc_raw_html]JTIwJTNDdmlkZW8lMjB3aWR0aCUzRCUyMjEwMCUyNSUyMiUyMGNvbnRyb2xzJTIwYXV0b3BsYXklM0UlMEElMjAlMjAlM0Nzb3VyY2UlMjBzcmMlM0QlMjIlMkZaZXJvX0dyYXZpdHkubXA0JTIyJTIwdHlwZSUzRCUyMnZpZGVvJTJGbXA0JTIyJTNFJTBBJTIwJTIwJTNDc291cmNlJTIwc3JjJTNEJTIyJTJGWmVyb19HcmF2aXR5LndlYm0lMjIlMjB0eXBlJTNEJTIydmlkZW8lMkZ3ZWJtJTIyJTNFJTBBJTIwWW91ciUyMGJyb3dzZXIlMjBkb2VzJTIwbm90JTIwc3VwcG9ydCUyMHRoZSUyMHZpZGVvJTIwdGFnLiUwQSUzQyUyRnZpZGVvJTNFJTIwJTBB[\/vc_raw_html][vc_separator type=&#8221;transparent&#8221; up=&#8221;79&#8243; down=&#8221;0&#8243; icon_pack=&#8221;font_awesome&#8221; fe_icon=&#8221;arrow_back&#8221; icon_type=&#8221;normal&#8221;][\/vc_column][vc_column width=&#8221;7\/12&#8243;][vc_single_image image=&#8221;51623&#8243; img_size=&#8221;medium&#8221; alignment=&#8221;center&#8221; qode_css_animation=&#8221;&#8221;][vc_column_text]<\/p>\n<h4 style=\"text-align: center;\">THE LIGHTEST SUIT IN THE WORLD<\/h4>\n<p>[\/vc_column_text][vc_separator type=&#8221;transparent&#8221; up=&#8221;5&#8243; icon_pack=&#8221;font_awesome&#8221; fe_icon=&#8221;arrow_back&#8221; icon_type=&#8221;normal&#8221;][\/vc_column][\/vc_row][vc_row row_type=&#8221;row&#8221; use_row_as_full_screen_section=&#8221;no&#8221; type=&#8221;full_width&#8221; oblique_section=&#8221;no&#8221; text_align=&#8221;left&#8221; css_animation=&#8221;&#8221;][vc_column width=&#8221;1\/3&#8243;]<div class='image_hover ' style='' data-transition-delay=''><div class='images_holder'><a href='https:\/\/tmbfashiongroup.nr6.eu\/it\/about-2-2\/' target='_self'><img class='active_image ' src='https:\/\/tmbfashiongroup.nr6.eu\/wp-content\/uploads\/2018\/06\/01.jpg' alt='' style='' \/><img class='hover_image' src='https:\/\/tmbfashiongroup.nr6.eu\/wp-content\/uploads\/2018\/06\/about2.jpg' alt='' style='' \/><\/a><\/div><\/div>[vc_separator type=&#8221;transparent&#8221; up=&#8221;40&#8243; down=&#8221;0&#8243; icon_pack=&#8221;font_awesome&#8221; fe_icon=&#8221;arrow_back&#8221; icon_type=&#8221;normal&#8221;][\/vc_column][vc_column width=&#8221;1\/3&#8243;]<div class='image_hover ' style='' data-transition-delay=''><div class='images_holder'><a href='https:\/\/tmbfashiongroup.nr6.eu\/it\/portfolio_page\/tmb-collezione-ss-2023\/' target='_self'><img class='active_image ' src='https:\/\/tmbfashiongroup.nr6.eu\/wp-content\/uploads\/2023\/04\/collection-ss23-01.jpg' alt='' style='' \/><img class='hover_image' src='https:\/\/tmbfashiongroup.nr6.eu\/wp-content\/uploads\/2023\/04\/collection-ss23-02.jpg' alt='' style='' \/><\/a><\/div><\/div>[vc_separator type=&#8221;transparent&#8221; up=&#8221;40&#8243; down=&#8221;0&#8243; icon_pack=&#8221;font_awesome&#8221; fe_icon=&#8221;arrow_back&#8221; icon_type=&#8221;normal&#8221;][\/vc_column][vc_column width=&#8221;1\/3&#8243;]<div class='image_hover ' style='' data-transition-delay=''><div class='images_holder'><a href='https:\/\/tmbfashiongroup.nr6.eu\/it\/news-2\/' target='_self'><img class='active_image ' src='https:\/\/tmbfashiongroup.nr6.eu\/wp-content\/uploads\/2023\/04\/2-1.jpg' alt='' style='' \/><img class='hover_image' src='https:\/\/tmbfashiongroup.nr6.eu\/wp-content\/uploads\/2023\/05\/2-2.jpg' alt='' style='' \/><\/a><\/div><\/div>[vc_separator type=&#8221;transparent&#8221; up=&#8221;40&#8243; down=&#8221;0&#8243; icon_pack=&#8221;font_awesome&#8221; fe_icon=&#8221;arrow_back&#8221; icon_type=&#8221;normal&#8221;][\/vc_column][\/vc_row][vc_row row_type=&#8221;row&#8221; use_row_as_full_screen_section=&#8221;no&#8221; type=&#8221;full_width&#8221; oblique_section=&#8221;no&#8221; text_align=&#8221;left&#8221; css_animation=&#8221;&#8221;][vc_column][vc_separator type=&#8221;normal&#8221; up=&#8221;40&#8243; down=&#8221;30&#8243; icon_pack=&#8221;font_awesome&#8221; fe_icon=&#8221;arrow_back&#8221; icon_type=&#8221;normal&#8221;][vc_row_inner row_type=&#8221;row&#8221; type=&#8221;full_width&#8221; use_row_as_full_screen_section_slide=&#8221;no&#8221; text_align=&#8221;left&#8221; css_animation=&#8221;&#8221;][vc_column_inner width=&#8221;1\/3&#8243; offset=&#8221;vc_hidden-xs&#8221;][vc_column_text]<\/p>\n<p style=\"text-align: left;\">REGISTERED OFFICE<\/p>\n<p style=\"text-align: left;\">AREA 62 Srl<\/p>\n<p style=\"text-align: left;\">C.da Fiastra 73<\/p>\n<p style=\"text-align: left;\">62020 Colmurano (MC) &#8211; ITALY<\/p>\n<p style=\"text-align: left;\">+39 0733 511411<\/p>\n<p style=\"text-align: left;\">info@tmbfashiongroup.com<\/p>\n<p>[\/vc_column_text][vc_separator type=&#8221;transparent&#8221; up=&#8221;70&#8243; down=&#8221;0&#8243; icon_pack=&#8221;font_awesome&#8221; fe_icon=&#8221;arrow_back&#8221; icon_type=&#8221;normal&#8221;][\/vc_column_inner][vc_column_inner width=&#8221;1\/3&#8243; offset=&#8221;vc_hidden-xs&#8221;][vc_column_text]<\/p>\n<p style=\"text-align: left;\">HEADQUARTERS<\/p>\n<p style=\"text-align: left;\">AREA 62 Srl<\/p>\n<p style=\"text-align: left;\">C.da Fiastra 73<\/p>\n<p style=\"text-align: left;\">62020 Colmurano (MC) &#8211; ITALY<\/p>\n<p style=\"text-align: left;\">+39 0733 511411<\/p>\n<p style=\"text-align: left;\">info@tmbfashiongroup.com<\/p>\n<p>[\/vc_column_text][vc_separator type=&#8221;transparent&#8221; up=&#8221;72&#8243; down=&#8221;0&#8243; icon_pack=&#8221;font_awesome&#8221; fe_icon=&#8221;arrow_back&#8221; icon_type=&#8221;normal&#8221;][\/vc_column_inner][vc_column_inner width=&#8221;1\/3&#8243; offset=&#8221;vc_hidden-xs&#8221;][vc_column_text]<\/p>\n<p style=\"text-align: left;\">SHOWROOM<\/p>\n<p style=\"text-align: left;\">Via Savona, 99 int 5<\/p>\n<p style=\"text-align: left;\">20144 &#8211; Milano (MI) &#8211; ITALY<\/p>\n<p style=\"text-align: left;\">+39 02 425152<\/p>\n<p style=\"text-align: left;\">showroom.milano@tmbfashiongroup.com<\/p>\n<p>[\/vc_column_text][vc_separator type=&#8221;transparent&#8221; up=&#8221;72&#8243; down=&#8221;0&#8243; icon_pack=&#8221;font_awesome&#8221; fe_icon=&#8221;arrow_back&#8221; icon_type=&#8221;normal&#8221;][\/vc_column_inner][\/vc_row_inner][\/vc_column][\/vc_row][vc_row row_type=&#8221;row&#8221; use_row_as_full_screen_section=&#8221;no&#8221; type=&#8221;full_width&#8221; oblique_section=&#8221;no&#8221; text_align=&#8221;left&#8221; css_animation=&#8221;&#8221;][vc_column][vc_separator type=&#8221;normal&#8221; up=&#8221;40&#8243; down=&#8221;30&#8243; icon_pack=&#8221;font_awesome&#8221; fe_icon=&#8221;arrow_back&#8221; icon_type=&#8221;normal&#8221;][vc_row_inner row_type=&#8221;row&#8221; type=&#8221;full_width&#8221; use_row_as_full_screen_section_slide=&#8221;no&#8221; text_align=&#8221;left&#8221; css_animation=&#8221;&#8221;][vc_column_inner width=&#8221;1\/3&#8243; offset=&#8221;vc_hidden-lg vc_hidden-md vc_hidden-sm&#8221; css=&#8221;.vc_custom_1685026566156{padding-left: 50px !important;}&#8221;][vc_column_text]<\/p>\n<p style=\"text-align: left;\">REGISTERED OFFICE<\/p>\n<p style=\"text-align: left;\">AREA 62 Srl<\/p>\n<p style=\"text-align: left;\">C.da Fiastra 73<\/p>\n<p style=\"text-align: left;\">62020 Colmurano (MC) &#8211; ITALY<\/p>\n<p style=\"text-align: left;\">+39 0733 511411<\/p>\n<p style=\"text-align: left;\">info@tmbfashiongroup.com<\/p>\n<p>[\/vc_column_text][vc_separator type=&#8221;transparent&#8221; up=&#8221;70&#8243; down=&#8221;0&#8243; icon_pack=&#8221;font_awesome&#8221; fe_icon=&#8221;arrow_back&#8221; icon_type=&#8221;normal&#8221;][\/vc_column_inner][vc_column_inner width=&#8221;1\/3&#8243; offset=&#8221;vc_hidden-lg vc_hidden-md vc_hidden-sm&#8221; css=&#8221;.vc_custom_1685026576733{padding-left: 50px !important;}&#8221;][vc_column_text]<\/p>\n<p style=\"text-align: left;\">HEADQUARTERS<\/p>\n<p style=\"text-align: left;\">AREA 62 Srl<\/p>\n<p style=\"text-align: left;\">C.da Fiastra 73<\/p>\n<p style=\"text-align: left;\">62020 Colmurano (MC) &#8211; ITALY<\/p>\n<p style=\"text-align: left;\">+39 0733 511411<\/p>\n<p style=\"text-align: left;\">info@tmbfashiongroup.com<\/p>\n<p>[\/vc_column_text][vc_separator type=&#8221;transparent&#8221; up=&#8221;72&#8243; down=&#8221;0&#8243; icon_pack=&#8221;font_awesome&#8221; fe_icon=&#8221;arrow_back&#8221; icon_type=&#8221;normal&#8221;][\/vc_column_inner][vc_column_inner width=&#8221;1\/3&#8243; offset=&#8221;vc_hidden-lg vc_hidden-md vc_hidden-sm&#8221; css=&#8221;.vc_custom_1685026586799{padding-left: 50px !important;}&#8221;][vc_column_text]<\/p>\n<p style=\"text-align: left;\">SHOWROOM<\/p>\n<p style=\"text-align: left;\">Via Savona, 99 int 5<\/p>\n<p style=\"text-align: left;\">20144 &#8211; Milano (MI) &#8211; ITALY<\/p>\n<p style=\"text-align: left;\">+39 02 425152<\/p>\n<p style=\"text-align: left;\">showroom.milano@tmbfashiongroup.com<\/p>\n<p>[\/vc_column_text][vc_separator type=&#8221;transparent&#8221; up=&#8221;72&#8243; down=&#8221;0&#8243; icon_pack=&#8221;font_awesome&#8221; fe_icon=&#8221;arrow_back&#8221; icon_type=&#8221;normal&#8221;][\/vc_column_inner][\/vc_row_inner][\/vc_column][\/vc_row]<\/p>\n","protected":false},"excerpt":{"rendered":"<p>[vc_row row_type=&#8221;row&#8221; use_row_as_full_screen_section=&#8221;no&#8221; type=&#8221;full_width&#8221; oblique_section=&#8221;no&#8221; text_align=&#8221;left&#8221; css_animation=&#8221;&#8221;][vc_column][vc_raw_html]JTIwJTNDdmlkZW8lMjB3aWR0aCUzRCUyMjEwMCUyNSUyMiUyMGNvbnRyb2xzJTIwYXV0b3BsYXklMjBtdXRlZCUzRCUyMiUyMiUzRSUwQSUyMCUyMCUzQ3NvdXJjZSUyMHNyYyUzRCUyMmh0dHAlM0ElMkYlMkZ0bWJmYXNoaW9uZ3JvdXAubnI2LmV1JTJGd3AtY29udGVudCUyRnVwbG9hZHMlMkYyMDIzJTJGMDQlMkZaZXJvX0dyYXZpdHlfU1MyM19Db2xsZWN0aW9uLm1wNCUyMiUyMHR5cGUlM0QlMjJ2aWRlbyUyRm1wNCUyMiUzRSUwQSUyMFlvdXIlMjBicm93c2VyJTIwZG9lcyUyMG5vdCUyMHN1cHBvcnQlMjB0aGUlMjB2aWRlbyUyMHRhZy4lMEElM0MlMkZ2aWRlbyUzRSUyMCUwQSUzQyUyMS0tJTBBJTNDaW1nJTIwc3JjJTNEJTIyaHR0cCUzQSUyRiUyRnRtYmZhc2hpb25ncm91cC5jb20lMkZ3cC1jb250ZW50JTJGdXBsb2FkcyUyRjIwMjAlMkYwNCUyRmhvbWV0bWIyLTIucG5nJTIyJTIwc3R5bGUlM0QlMjJ3aWR0aCUzQSUyMDgwJTI1JTNCJTIwaGVpZ2h0JTNBJTIwYXV0byUzQm1hcmdpbiUzQSUyMGF1dG8lM0JkaXNwbGF5JTNBJTIwYmxvY2slM0IlMjIlMjBib3JkZXIlM0QlMjIwJTIyJTNFLS0lM0U=[\/vc_raw_html][\/vc_column][\/vc_row][vc_row row_type=&#8221;row&#8221; use_row_as_full_screen_section=&#8221;no&#8221; type=&#8221;full_width&#8221; oblique_section=&#8221;no&#8221; text_align=&#8221;left&#8221; css_animation=&#8221;&#8221;][vc_column][vc_separator type=&#8221;normal&#8221; up=&#8221;40&#8243; down=&#8221;30&#8243; icon_pack=&#8221;font_awesome&#8221; fe_icon=&#8221;arrow_back&#8221; icon_type=&#8221;normal&#8221;][vc_row_inner row_type=&#8221;row&#8221;&#8230;<\/p>\n","protected":false},"author":1,"featured_media":0,"parent":0,"menu_order":0,"comment_status":"open","ping_status":"open","template":"full_width.php","meta":[],"_links":{"self":[{"href":"https:\/\/tmbfashiongroup.nr6.eu\/it\/wp-json\/wp\/v2\/pages\/51450"}],"collection":[{"href":"https:\/\/tmbfashiongroup.nr6.eu\/it\/wp-json\/wp\/v2\/pages"}],"about":[{"href":"https:\/\/tmbfashiongroup.nr6.eu\/it\/wp-json\/wp\/v2\/types\/page"}],"author":[{"embeddable":true,"href":"https:\/\/tmbfashiongroup.nr6.eu\/it\/wp-json\/wp\/v2\/users\/1"}],"replies":[{"embeddable":true,"href":"https:\/\/tmbfashiongroup.nr6.eu\/it\/wp-json\/wp\/v2\/comments?post=51450"}],"version-history":[{"count":66,"href":"https:\/\/tmbfashiongroup.nr6.eu\/it\/wp-json\/wp\/v2\/pages\/51450\/revisions"}],"predecessor-version":[{"id":51979,"href":"https:\/\/tmbfashiongroup.nr6.eu\/it\/wp-json\/wp\/v2\/pages\/51450\/revisions\/51979"}],"wp:attachment":[{"href":"https:\/\/tmbfashiongroup.nr6.eu\/it\/wp-json\/wp\/v2\/media?parent=51450"}],"curies":[{"name":"wp","href":"https:\/\/api.w.org\/{rel}","templated":true}]}}